{"id":3027,"date":"2023-05-11T16:28:54","date_gmt":"2023-05-11T14:28:54","guid":{"rendered":"https:\/\/www.apotechcare.com\/?page_id=3027"},"modified":"2023-07-07T10:53:43","modified_gmt":"2023-07-07T08:53:43","slug":"vertigo-apo-club","status":"publish","type":"page","link":"https:\/\/www.apotechcare.com\/fr\/vertigo-apo-club\/","title":{"rendered":"Vertigo Apo Club"},"content":{"rendered":"<div class=\"fusion-fullwidth fullwidth-box fusion-builder-row-1 fusion-flex-container nonhundred-percent-fullwidth non-hundred-percent-height-scrolling\" style=\"--awb-border-radius-top-left:0px;--awb-border-radius-top-right:0px;--awb-border-radius-bottom-right:0px;--awb-border-radius-bottom-left:0px;--awb-padding-right:0px;--awb-padding-bottom:60px;--awb-padding-left:0px;--awb-padding-bottom-small:0px;--awb-margin-bottom:0px;--awb-margin-bottom-medium:80px;--awb-margin-bottom-small:0px;--awb-flex-wrap:wrap;\" ><div class=\"fusion-builder-row fusion-row fusion-flex-align-items-center fusion-flex-content-wrap\" style=\"max-width:calc( 1260px + 0px );margin-left: calc(-0px \/ 2 );margin-right: calc(-0px \/ 2 );\"><div class=\"fusion-layout-column fusion_builder_column fusion-builder-column-0 fusion_builder_column_1_1 1_1 fusion-flex-column fusion-flex-align-self-center\" style=\"--awb-padding-right:24px;--awb-padding-left:2%;--awb-padding-left-medium:15%;--awb-padding-left-small:0px;--awb-bg-size:cover;--awb-width-large:100%;--awb-margin-top-large:0px;--awb-spacing-right-large:40px;--awb-margin-bottom-large:0px;--awb-spacing-left-large:31px;--awb-width-medium:100%;--awb-order-medium:0;--awb-spacing-right-medium:40px;--awb-spacing-left-medium:31px;--awb-width-small:100%;--awb-order-small:0;--awb-spacing-right-small:0px;--awb-margin-bottom-small:0px;--awb-spacing-left-small:0px;\"><div class=\"fusion-column-wrapper fusion-column-has-shadow fusion-flex-justify-content-flex-start fusion-content-layout-row\"><div class=\"fusion-title title fusion-title-1 fusion-no-small-visibility fusion-sep-none fusion-title-center fusion-title-text fusion-title-size-one\" style=\"--awb-margin-bottom:40px;--awb-margin-top-small:10px;--awb-margin-right-small:0px;--awb-margin-bottom-small:10px;--awb-margin-left-small:0px;\"><h1 class=\"fusion-title-heading title-heading-center\" style=\"margin:0;\"><p style=\"text-align: center;\">Rejoindre l&#8217;Apo Club<\/p><\/h1><\/div><div class=\"fusion-title title fusion-title-2 fusion-no-medium-visibility fusion-no-large-visibility fusion-sep-none fusion-title-center fusion-title-text fusion-title-size-one\" style=\"--awb-margin-bottom:40px;--awb-margin-top-small:10px;--awb-margin-right-small:0px;--awb-margin-bottom-small:10px;--awb-margin-left-small:0px;--awb-font-size:40px;\"><h1 class=\"fusion-title-heading title-heading-center\" style=\"margin:0;font-size:1em;\">Rejoindre l&#8217;Apo Club<\/h1><\/div><div class=\"fusion-builder-row fusion-builder-row-inner fusion-row fusion-flex-align-items-center fusion-flex-content-wrap\" style=\"--awb-flex-grow:0;--awb-flex-grow-medium:0;--awb-flex-grow-small:0;--awb-flex-shrink:0;--awb-flex-shrink-medium:0;--awb-flex-shrink-small:0;width:calc( 100% + 0px ) !important;max-width:calc( 100% + 0px ) !important;margin-left: calc(-0px \/ 2 );margin-right: calc(-0px \/ 2 );\"><div class=\"fusion-layout-column fusion_builder_column_inner fusion-builder-nested-column-0 fusion_builder_column_inner_1_1 1_1 fusion-flex-column\" style=\"--awb-bg-size:cover;--awb-width-large:100%;--awb-margin-top-large:0px;--awb-spacing-right-large:0px;--awb-margin-bottom-large:10px;--awb-spacing-left-large:0px;--awb-width-medium:100%;--awb-order-medium:0;--awb-spacing-right-medium:0px;--awb-spacing-left-medium:0px;--awb-width-small:100%;--awb-order-small:0;--awb-spacing-right-small:0px;--awb-spacing-left-small:0px;\"><div class=\"fusion-column-wrapper fusion-column-has-shadow fusion-flex-justify-content-flex-start fusion-content-layout-column\"><div style=\"text-align:center;\"><a class=\"fusion-button button-flat fusion-button-default-size button-default fusion-button-default button-1 fusion-button-default-span fusion-button-default-type\" style=\"--button-border-radius-top-left:50px;--button-border-radius-top-right:50px;--button-border-radius-bottom-right:50px;--button-border-radius-bottom-left:50px;--button_text_transform:lowercase;--button_padding-top:20px;--button_padding-right:20px;--button_padding-bottom:20px;--button_padding-left:20px;--button_margin-top:40px;--button_margin-bottom:40px;\" target=\"_self\" href=\"https:\/\/tally.so\/r\/3NDl0O\"><i class=\"fa-arrow-alt-circle-right fas awb-button__icon awb-button__icon--default button-icon-left\" aria-hidden=\"true\"><\/i><span class=\"fusion-button-text awb-button__text awb-button__text--default\">Rejoindre l&#8217;Apo Club<\/span><\/a><\/div><\/div><\/div><\/div><div class=\"fusion-text fusion-text-1\" style=\"--awb-content-alignment:center;--awb-text-color:hsla(var(--awb-color8-h),var(--awb-color8-s),var(--awb-color8-l),calc( var(--awb-color8-a) - 30% ));\"><p style=\"text-align: left;\"><b>Rejoignez l\u2019Apo club vertiges, une communaut\u00e9 d\u2019utilisateurs impliqu\u00e9e dans l\u2019\u00e9volution d\u2019Apo !<\/b><\/p>\n<p style=\"text-align: left;\"><span style=\"font-weight: 400;\">L&#8217;Apo Club est ce qu&#8217;il y a de plus beau et de plus fort chez Apo.<\/span><\/p>\n<p style=\"text-align: left;\"><span style=\"font-weight: 400;\">Apo, c\u2019est une aventure humaine avant tout. Une aventure qui vise \u00e0 am\u00e9liorer grandement le quotidien des personnes souffrant de vertiges, en leur donnant les clefs pour collaborer efficacement avec leurs m\u00e9decins, et finalement prendre le contr\u00f4le de leurs vertiges.<\/span><\/p>\n<p style=\"text-align: left;\"><span style=\"font-weight: 400;\">Concr\u00e8tement, lorsque vous rejoignez l\u2019Apo Club c\u2019est assez simple: premi\u00e8rement, c\u2019est sans engagement, chacun fait au mieux, avec le temps qu\u2019il a.\u00a0<\/span><\/p>\n<p style=\"text-align: left;\"><span style=\"font-weight: 400;\">Ensuite, vous serez susceptible de recevoir un mail ou un sms (si vous avez renseign\u00e9 votre num\u00e9ro de t\u00e9l\u00e9phone) lorsqu\u2019une \u00e9volution de l\u2019app sera prioris\u00e9e par l\u2019Apo team. Nous testerons alors l\u2019\u00e9volution avec les membres de l\u2019Apo Club volontaires (4 -5 personnes c&#8217;est d\u00e9j\u00e0 bien): \u00e7a prend 10-15 minutes et \u00e7a se fait via une visioconf\u00e9rence.\u00a0<\/span><\/p>\n<p style=\"text-align: left;\"><span style=\"font-weight: 400;\">Par ailleurs nous envoyons quelquefois des questionnaires afin de vous sollicitez dans le but de faire \u00e9voluer l\u2019app.\u00a0<\/span><\/p>\n<p style=\"text-align: left;\"><span style=\"font-weight: 400;\">L\u2019Apo Club c\u2019est aussi le moyen pour nous de prendre en compte vos retour sur l\u2019app, les points \u00e0 am\u00e9liorer. Cette aide nous permet de faire grandir Apo dans le bon sens.\u00a0<\/span><\/p>\n<p style=\"text-align: left;\"><span style=\"font-weight: 400;\">C\u2019est pour cela que l\u2019on vous encourage vivement \u00e0 rejoindre le club et \u00e0 ne pas h\u00e9siter \u00e0 nous \u00e9crire !\u00a0<\/span><\/p>\n<p style=\"text-align: left;\"><span style=\"font-weight: 400;\">Encore une fois, merci infiniment pour votre soutien et votre confiance. Nous sommes impatients de partager avec vous les prochaines nouveaut\u00e9s et de continuer \u00e0 vous offrir des services de qualit\u00e9.<\/span><\/p>\n<\/div><div class=\"fusion-builder-row fusion-builder-row-inner fusion-row fusion-flex-align-items-center fusion-flex-content-wrap\" style=\"--awb-flex-grow:0;--awb-flex-grow-medium:0;--awb-flex-grow-small:0;--awb-flex-shrink:0;--awb-flex-shrink-medium:0;--awb-flex-shrink-small:0;width:calc( 100% + 0px ) !important;max-width:calc( 100% + 0px ) !important;margin-left: calc(-0px \/ 2 );margin-right: calc(-0px \/ 2 );\"><div class=\"fusion-layout-column fusion_builder_column_inner fusion-builder-nested-column-1 fusion_builder_column_inner_1_1 1_1 fusion-flex-column\" style=\"--awb-bg-size:cover;--awb-width-large:100%;--awb-margin-top-large:0px;--awb-spacing-right-large:0px;--awb-margin-bottom-large:10px;--awb-spacing-left-large:0px;--awb-width-medium:100%;--awb-order-medium:0;--awb-spacing-right-medium:0px;--awb-spacing-left-medium:0px;--awb-width-small:100%;--awb-order-small:0;--awb-spacing-right-small:0px;--awb-spacing-left-small:0px;\"><div class=\"fusion-column-wrapper fusion-column-has-shadow fusion-flex-justify-content-flex-start fusion-content-layout-column\"><div style=\"text-align:center;\"><a class=\"fusion-button button-flat fusion-button-default-size button-default fusion-button-default button-2 fusion-button-default-span fusion-button-default-type\" style=\"--button-border-radius-top-left:50px;--button-border-radius-top-right:50px;--button-border-radius-bottom-right:50px;--button-border-radius-bottom-left:50px;--button_text_transform:lowercase;--button_padding-top:20px;--button_padding-right:20px;--button_padding-bottom:20px;--button_padding-left:20px;--button_margin-top:40px;--button_margin-bottom:40px;\" target=\"_self\" href=\"https:\/\/tally.so\/r\/3NDl0O\"><i class=\"fa-arrow-alt-circle-right fas awb-button__icon awb-button__icon--default button-icon-left\" aria-hidden=\"true\"><\/i><span class=\"fusion-button-text awb-button__text awb-button__text--default\">Rejoindre l&#8217;Apo Club<\/span><\/a><\/div><\/div><\/div><\/div><\/div><\/div><\/div><\/div>","protected":false},"excerpt":{"rendered":"","protected":false},"author":1,"featured_media":0,"parent":0,"menu_order":0,"comment_status":"closed","ping_status":"closed","template":"100-width.php","meta":{"footnotes":""},"class_list":["post-3027","page","type-page","status-publish","hentry"],"_links":{"self":[{"href":"https:\/\/www.apotechcare.com\/fr\/wp-json\/wp\/v2\/pages\/3027","targetHints":{"allow":["GET"]}}],"collection":[{"href":"https:\/\/www.apotechcare.com\/fr\/wp-json\/wp\/v2\/pages"}],"about":[{"href":"https:\/\/www.apotechcare.com\/fr\/wp-json\/wp\/v2\/types\/page"}],"author":[{"embeddable":true,"href":"https:\/\/www.apotechcare.com\/fr\/wp-json\/wp\/v2\/users\/1"}],"replies":[{"embeddable":true,"href":"https:\/\/www.apotechcare.com\/fr\/wp-json\/wp\/v2\/comments?post=3027"}],"version-history":[{"count":7,"href":"https:\/\/www.apotechcare.com\/fr\/wp-json\/wp\/v2\/pages\/3027\/revisions"}],"predecessor-version":[{"id":3543,"href":"https:\/\/www.apotechcare.com\/fr\/wp-json\/wp\/v2\/pages\/3027\/revisions\/3543"}],"wp:attachment":[{"href":"https:\/\/www.apotechcare.com\/fr\/wp-json\/wp\/v2\/media?parent=3027"}],"curies":[{"name":"wp","href":"https:\/\/api.w.org\/{rel}","templated":true}]}}