{"id":2644,"date":"2022-08-31T10:36:44","date_gmt":"2022-08-31T10:36:44","guid":{"rendered":"https:\/\/www.apotechcare.com\/?page_id=2644"},"modified":"2023-07-07T10:42:38","modified_gmt":"2023-07-07T08:42:38","slug":"migraine-satisfaction","status":"publish","type":"page","link":"https:\/\/www.apotechcare.com\/fr\/migraine-satisfaction\/","title":{"rendered":"Migraine_satisfaction"},"content":{"rendered":"<p><div class=\"fusion-fullwidth fullwidth-box fusion-builder-row-1 fusion-flex-container nonhundred-percent-fullwidth non-hundred-percent-height-scrolling\" style=\"--awb-border-radius-top-left:0px;--awb-border-radius-top-right:0px;--awb-border-radius-bottom-right:0px;--awb-border-radius-bottom-left:0px;--awb-margin-bottom:37px;--awb-background-color:rgba(29,190,190,0.77);--awb-flex-wrap:wrap;\" ><div class=\"fusion-builder-row fusion-row fusion-flex-align-items-flex-start fusion-flex-content-wrap\" style=\"max-width:1310.4px;margin-left: calc(-4% \/ 2 );margin-right: calc(-4% \/ 2 );\"><div class=\"fusion-layout-column fusion_builder_column fusion-builder-column-0 fusion_builder_column_1_1 1_1 fusion-flex-column\" style=\"--awb-bg-size:cover;--awb-width-large:100%;--awb-margin-top-large:0px;--awb-spacing-right-large:1.92%;--awb-margin-bottom-large:20px;--awb-spacing-left-large:1.92%;--awb-width-medium:100%;--awb-order-medium:0;--awb-spacing-right-medium:1.92%;--awb-spacing-left-medium:1.92%;--awb-width-small:100%;--awb-order-small:0;--awb-spacing-right-small:1.92%;--awb-margin-bottom-small:0px;--awb-spacing-left-small:1.92%;\"><div class=\"fusion-column-wrapper fusion-column-has-shadow fusion-flex-justify-content-flex-start fusion-content-layout-column\"><div class=\"fusion-title title fusion-title-1 fusion-no-small-visibility fusion-sep-none fusion-title-center fusion-title-text fusion-title-size-one\" style=\"--awb-text-color:var(--awb-color1);--awb-margin-top:30px;--awb-margin-right:20px;--awb-margin-bottom:0px;--awb-margin-left:20px;--awb-margin-top-small:10px;--awb-margin-right-small:0px;--awb-margin-bottom-small:10px;--awb-margin-left-small:0px;\"><h1 class=\"fusion-title-heading title-heading-center\" style=\"margin:0;\"><h2 style=\"text-align: center;\">1 petite minute de votre c\u00f4t\u00e9, un pas de g\u00e9ant pour qu&#8217;Apo grandisse dans le bon sens !<\/h2><\/h1><\/div><div class=\"fusion-title title fusion-title-2 fusion-no-medium-visibility fusion-no-large-visibility fusion-sep-none fusion-title-center fusion-title-text fusion-title-size-one\" style=\"--awb-text-color:var(--awb-color1);--awb-margin-top:30px;--awb-margin-right:20px;--awb-margin-bottom:0px;--awb-margin-left:20px;--awb-margin-top-small:10px;--awb-margin-right-small:0px;--awb-margin-bottom-small:10px;--awb-margin-left-small:0px;--awb-font-size:35px;\"><h1 class=\"fusion-title-heading title-heading-center\" style=\"margin:0;font-size:1em;\"><h2 style=\"text-align: center;\">1 petite minute de votre c\u00f4t\u00e9, un pas de g\u00e9ant pour qu&#8217;Apo grandisse dans le bon sens !<\/h2><\/h1><\/div><\/div><\/div><\/div><\/div><div class=\"fusion-fullwidth fullwidth-box fusion-builder-row-2 fusion-flex-container nonhundred-percent-fullwidth non-hundred-percent-height-scrolling\" style=\"--awb-border-radius-top-left:0px;--awb-border-radius-top-right:0px;--awb-border-radius-bottom-right:0px;--awb-border-radius-bottom-left:0px;--awb-flex-wrap:wrap;\" ><div class=\"fusion-builder-row fusion-row fusion-flex-align-items-flex-start fusion-flex-content-wrap\" style=\"max-width:1310.4px;margin-left: calc(-4% \/ 2 );margin-right: calc(-4% \/ 2 );\"><div class=\"fusion-layout-column fusion_builder_column fusion-builder-column-1 fusion_builder_column_1_1 1_1 fusion-flex-column\" style=\"--awb-bg-blend:overlay;--awb-bg-size:cover;--awb-width-large:100%;--awb-margin-top-large:0px;--awb-spacing-right-large:1.92%;--awb-margin-bottom-large:0px;--awb-spacing-left-large:1.92%;--awb-width-medium:100%;--awb-spacing-right-medium:1.92%;--awb-spacing-left-medium:1.92%;--awb-width-small:100%;--awb-spacing-right-small:1.92%;--awb-spacing-left-small:1.92%;\"><div class=\"fusion-column-wrapper fusion-flex-justify-content-flex-start fusion-content-layout-column\"><div class=\"fusion-text fusion-text-1\"><p>Le suivi de la migraine&#8230; on sait que ce n\u2019est pas facile de tenir sur la longueur, qu&#8217;on peut avoir des moments de lassitude, de baisse de r\u00e9gime.<\/p>\n<p>Mais c&#8217;est important de garder espoir et de s&#8217;astreindre autant que possible \u00e0 bien suivre l&#8217;\u00e9volution de la migraine, car sans \u00e9tat des lieux, on ne peut constater ni de potentiels risques que la maladie empire, ni ces \u00e9volutions positives.<\/p>\n<p>L&#8217;id\u00e9e derri\u00e8re Apo, est que ce suivi soit le moins p\u00e9nible pour les migraineux, le moins prise de t\u00eate.<\/p>\n<p>Vous \u00eates utilisateurs depuis un moment d&#8217;Apo d\u00e9sormais, et l&#8217;\u00e9quipe aimerait savoir si l\u2019application vous convient, savoir ce que vous aimez et ce que vous aimez moins dans l\u2019application pour qu\u2019Apo puisse s\u2019am\u00e9liorer !<\/p>\n<p>Notre but \u00e9tant de faire une application qui r\u00e9ponde au mieux aux besoins des migraineux, vos retours sont d\u2019une richesse extr\u00eame pour nous. On a fait tr\u00e8s court \ud83d\ude09<\/p>\n<\/div><iframe\n  src=\"https:\/\/tally.so\/embed\/nGxZZm?alignLeft=1&hideTitle=1&transparentBackground=1\"\n  width=\"100%\"\n  height=\"3000\"\n  frameborder=\"0\"\n  marginheight=\"0\"\n  marginwidth=\"0\"\n  title=\"Questionnaire de satisfaction\">\n<\/iframe><\/div><\/div><\/div><\/div><\/p>","protected":false},"excerpt":{"rendered":"","protected":false},"author":1,"featured_media":0,"parent":0,"menu_order":0,"comment_status":"closed","ping_status":"open","template":"","meta":{"footnotes":""},"class_list":["post-2644","page","type-page","status-publish","hentry"],"_links":{"self":[{"href":"https:\/\/www.apotechcare.com\/fr\/wp-json\/wp\/v2\/pages\/2644","targetHints":{"allow":["GET"]}}],"collection":[{"href":"https:\/\/www.apotechcare.com\/fr\/wp-json\/wp\/v2\/pages"}],"about":[{"href":"https:\/\/www.apotechcare.com\/fr\/wp-json\/wp\/v2\/types\/page"}],"author":[{"embeddable":true,"href":"https:\/\/www.apotechcare.com\/fr\/wp-json\/wp\/v2\/users\/1"}],"replies":[{"embeddable":true,"href":"https:\/\/www.apotechcare.com\/fr\/wp-json\/wp\/v2\/comments?post=2644"}],"version-history":[{"count":6,"href":"https:\/\/www.apotechcare.com\/fr\/wp-json\/wp\/v2\/pages\/2644\/revisions"}],"predecessor-version":[{"id":3530,"href":"https:\/\/www.apotechcare.com\/fr\/wp-json\/wp\/v2\/pages\/2644\/revisions\/3530"}],"wp:attachment":[{"href":"https:\/\/www.apotechcare.com\/fr\/wp-json\/wp\/v2\/media?parent=2644"}],"curies":[{"name":"wp","href":"https:\/\/api.w.org\/{rel}","templated":true}]}}