{"id":2642,"date":"2022-08-31T10:19:23","date_gmt":"2022-08-31T10:19:23","guid":{"rendered":"https:\/\/www.apotechcare.com\/?page_id=2642"},"modified":"2023-07-07T10:37:28","modified_gmt":"2023-07-07T08:37:28","slug":"migraine-bienvenue","status":"publish","type":"page","link":"https:\/\/www.apotechcare.com\/fr\/migraine-bienvenue\/","title":{"rendered":"Migraine_Bienvenue"},"content":{"rendered":"<p><div class=\"fusion-fullwidth fullwidth-box fusion-builder-row-1 fusion-flex-container nonhundred-percent-fullwidth non-hundred-percent-height-scrolling\" style=\"--awb-border-radius-top-left:0px;--awb-border-radius-top-right:0px;--awb-border-radius-bottom-right:0px;--awb-border-radius-bottom-left:0px;--awb-margin-bottom:37px;--awb-background-color:rgba(29,190,190,0.77);--awb-flex-wrap:wrap;\" ><div class=\"fusion-builder-row fusion-row fusion-flex-align-items-flex-start fusion-flex-content-wrap\" style=\"max-width:1310.4px;margin-left: calc(-4% \/ 2 );margin-right: calc(-4% \/ 2 );\"><div class=\"fusion-layout-column fusion_builder_column fusion-builder-column-0 fusion_builder_column_1_1 1_1 fusion-flex-column\" style=\"--awb-bg-size:cover;--awb-width-large:100%;--awb-margin-top-large:0px;--awb-spacing-right-large:1.92%;--awb-margin-bottom-large:20px;--awb-spacing-left-large:1.92%;--awb-width-medium:100%;--awb-order-medium:0;--awb-spacing-right-medium:1.92%;--awb-spacing-left-medium:1.92%;--awb-width-small:100%;--awb-order-small:0;--awb-spacing-right-small:1.92%;--awb-margin-bottom-small:0px;--awb-spacing-left-small:1.92%;\"><div class=\"fusion-column-wrapper fusion-column-has-shadow fusion-flex-justify-content-flex-start fusion-content-layout-column\"><div class=\"fusion-title title fusion-title-1 fusion-no-small-visibility fusion-sep-none fusion-title-text fusion-title-size-one\" style=\"--awb-text-color:var(--awb-color1);--awb-margin-top-small:10px;--awb-margin-right-small:0px;--awb-margin-bottom-small:10px;--awb-margin-left-small:0px;\"><h1 class=\"fusion-title-heading title-heading-left\" style=\"margin:0;\"><h1 style=\"text-align: center;\">Bienvenue dans la communaut\u00e9 d&#8217;utilisateurs d&#8217;Apo<\/h1><\/h1><\/div><div class=\"fusion-title title fusion-title-2 fusion-no-medium-visibility fusion-no-large-visibility fusion-sep-none fusion-title-text fusion-title-size-one\" style=\"--awb-text-color:var(--awb-color1);--awb-margin-top-small:10px;--awb-margin-right-small:0px;--awb-margin-bottom-small:10px;--awb-margin-left-small:0px;--awb-font-size:35px;\"><h1 class=\"fusion-title-heading title-heading-left\" style=\"margin:0;font-size:1em;\"><h1 style=\"text-align: center;\">Bienvenue dans la communaut\u00e9 d&#8217;utilisateurs d&#8217;Apo<\/h1><\/h1><\/div><\/div><\/div><\/div><\/div><div class=\"fusion-fullwidth fullwidth-box fusion-builder-row-2 fusion-flex-container nonhundred-percent-fullwidth non-hundred-percent-height-scrolling\" style=\"--awb-border-radius-top-left:0px;--awb-border-radius-top-right:0px;--awb-border-radius-bottom-right:0px;--awb-border-radius-bottom-left:0px;--awb-margin-bottom-small:0px;--awb-flex-wrap:wrap;\" ><div class=\"fusion-builder-row fusion-row fusion-flex-align-items-flex-start fusion-flex-content-wrap\" style=\"max-width:1310.4px;margin-left: calc(-4% \/ 2 );margin-right: calc(-4% \/ 2 );\"><div class=\"fusion-layout-column fusion_builder_column fusion-builder-column-1 fusion_builder_column_1_1 1_1 fusion-flex-column\" style=\"--awb-bg-blend:overlay;--awb-bg-size:cover;--awb-width-large:100%;--awb-margin-top-large:0px;--awb-spacing-right-large:1.92%;--awb-margin-bottom-large:0px;--awb-spacing-left-large:1.92%;--awb-width-medium:100%;--awb-spacing-right-medium:1.92%;--awb-spacing-left-medium:1.92%;--awb-width-small:100%;--awb-spacing-right-small:1.92%;--awb-margin-bottom-small:0px;--awb-spacing-left-small:1.92%;\"><div class=\"fusion-column-wrapper fusion-flex-justify-content-flex-start fusion-content-layout-column\"><div class=\"fusion-video fusion-selfhosted-video\" style=\"max-width:150%;\"><div class=\"video-wrapper\"><video playsinline=\"true\" width=\"100%\" style=\"object-fit: cover;\" autoplay=\"true\" muted=\"true\" loop=\"true\" preload=\"auto\" controls=\"1\"><source src=\"https:\/\/www.apotechcare.com\/wp-content\/uploads\/2022\/08\/Welcome-onboard-vf.mp4\" type=\"video\/mp4\">Sorry, your browser doesn&#039;t support embedded videos.<\/video><\/div><\/div><div class=\"fusion-text fusion-text-1\" style=\"--awb-margin-top:20px;\"><h3><strong>En guise de mot d\u2019accueil, nous vous souhaitons\u2026 le moins de migraine possible !<\/strong><\/h3>\n<p><span style=\"font-weight: 400;\">Pour aller plus loin dans la prise de contr\u00f4le de votre migraine, en plus de vos crises de migraine, <strong>vous pouvez renseigner des \u00e9v\u00e9nements dans l&#8217;application<\/strong> comme vos r\u00e8gles (si vous \u00eates une femmes), la pratique sportive, la pratique d\u2019une m\u00e9decine douce&#8230; Ces \u00e9l\u00e9ments permettront \u00e0 votre m\u00e9decin de voir, par exemple, si la pratique sportive \u00e0 un impact positif sur votre migraine, et donc s\u2019il faut l\u2019encourager.<\/span><\/p>\n<\/div><div class=\"fusion-video fusion-youtube\" style=\"--awb-max-width:600px;--awb-max-height:360px;--awb-align-self:center;--awb-width:100%;\"><div class=\"video-shortcode\"><lite-youtube videoid=\"71NTkItRTFI\" class=\"landscape\" params=\"wmode=transparent&autoplay=1&amp;enablejsapi=1\" title=\"YouTube video player 1\" data-button-label=\"Play Video\" width=\"600\" height=\"360\" data-thumbnail-size=\"auto\" data-no-cookie=\"on\"><\/lite-youtube><\/div><\/div><div class=\"fusion-text fusion-text-2\" style=\"--awb-margin-top:20px;\"><h3><span style=\"font-weight: 400;\"><strong>Aussi et surtout, la mission n\u00b01 d\u2019Apo est de vous permettre de bien pr\u00e9parer votre consultation avec votre m\u00e9decin<\/strong>. <\/span><\/h3>\n<p><span style=\"font-weight: 400;\">Il est parfois difficile de synth\u00e9tiser la migraine sur les derniers mois. Apo vous aide en pr\u00e9parant un rapport synth\u00e9tique de l\u2019\u00e9volution de votre migraine. Votre m\u00e9decin aura une vision claire et pr\u00e9cise de l\u2019\u00e9volution de votre maladie et aura plus de facilit\u00e9s \u00e0 vous proposer l\u2019approche th\u00e9rapeutique qui vous est la plus adapt\u00e9e. <\/span><\/p>\n<p><span style=\"font-weight: 400;\">Pour savoir comment bien pr\u00e9parer votre consultation, jetez un oeil \u00e0 ce court tutoriel.<\/span><\/p>\n<p><span style=\"font-weight: 400;\">\u00a0<\/span><\/p>\n<\/div><div class=\"fusion-video fusion-youtube\" style=\"--awb-max-width:600px;--awb-max-height:360px;--awb-align-self:center;--awb-width:100%;\"><div class=\"video-shortcode\"><lite-youtube videoid=\"28wdcP34Orw\" class=\"landscape\" params=\"wmode=transparent&autoplay=1&amp;enablejsapi=1\" title=\"YouTube video player 2\" data-button-label=\"Play Video\" width=\"600\" height=\"360\" data-thumbnail-size=\"auto\" data-no-cookie=\"on\"><\/lite-youtube><\/div><\/div><div style=\"text-align:center;\"><a class=\"fusion-button button-flat fusion-button-default-size button-default fusion-button-default button-1 fusion-button-default-span fusion-button-default-type\" style=\"--button-border-radius-top-left:50px;--button-border-radius-top-right:50px;--button-border-radius-bottom-right:50px;--button-border-radius-bottom-left:50px;--button_margin-top:40px;--button_margin-bottom:30px;\" target=\"_self\" href=\"https:\/\/www.youtube.com\/channel\/UCMAn35itWV8gX0sPqhtfHzA\"><span class=\"fusion-button-text awb-button__text awb-button__text--default\">Consulter les autres tutoriels pour bien prendre en main l&#8217;application Apo<\/span><\/a><\/div><div class=\"fusion-text fusion-text-3\"><p><span style=\"font-weight: 400;\">Vous avez ou aurez certainement des id\u00e9es d\u2019\u00e9volution pour Apo, pour que l\u2019application colle le plus \u00e0 vos besoins pour prendre le contr\u00f4le de la migraine. Rejoignez l\u2019Apo Club, pour influencer le futur d\u2019Apo.<\/span><\/p>\n<\/div><div style=\"text-align:center;\"><a class=\"fusion-button button-flat fusion-button-default-size button-default fusion-button-default button-2 fusion-button-default-span fusion-button-default-type\" style=\"--button-border-radius-top-left:50px;--button-border-radius-top-right:50px;--button-border-radius-bottom-right:50px;--button-border-radius-bottom-left:50px;--button_margin-bottom:20px;\" target=\"_self\" href=\"https:\/\/www.apotechcare.com\/patient\/\"><span class=\"fusion-button-text awb-button__text awb-button__text--default\">Rejoindre l&#8217;Apo Club<\/span><\/a><\/div><\/div><\/div><\/div><\/div><\/p>","protected":false},"excerpt":{"rendered":"","protected":false},"author":1,"featured_media":0,"parent":0,"menu_order":0,"comment_status":"closed","ping_status":"open","template":"","meta":{"footnotes":""},"class_list":["post-2642","page","type-page","status-publish","hentry"],"_links":{"self":[{"href":"https:\/\/www.apotechcare.com\/fr\/wp-json\/wp\/v2\/pages\/2642","targetHints":{"allow":["GET"]}}],"collection":[{"href":"https:\/\/www.apotechcare.com\/fr\/wp-json\/wp\/v2\/pages"}],"about":[{"href":"https:\/\/www.apotechcare.com\/fr\/wp-json\/wp\/v2\/types\/page"}],"author":[{"embeddable":true,"href":"https:\/\/www.apotechcare.com\/fr\/wp-json\/wp\/v2\/users\/1"}],"replies":[{"embeddable":true,"href":"https:\/\/www.apotechcare.com\/fr\/wp-json\/wp\/v2\/comments?post=2642"}],"version-history":[{"count":2,"href":"https:\/\/www.apotechcare.com\/fr\/wp-json\/wp\/v2\/pages\/2642\/revisions"}],"predecessor-version":[{"id":3523,"href":"https:\/\/www.apotechcare.com\/fr\/wp-json\/wp\/v2\/pages\/2642\/revisions\/3523"}],"wp:attachment":[{"href":"https:\/\/www.apotechcare.com\/fr\/wp-json\/wp\/v2\/media?parent=2642"}],"curies":[{"name":"wp","href":"https:\/\/api.w.org\/{rel}","templated":true}]}}