{"id":2628,"date":"2022-08-31T09:28:54","date_gmt":"2022-08-31T09:28:54","guid":{"rendered":"https:\/\/www.apotechcare.com\/?page_id=2628"},"modified":"2023-07-07T10:41:38","modified_gmt":"2023-07-07T08:41:38","slug":"migraine-bienvenue_treatment","status":"publish","type":"page","link":"https:\/\/www.apotechcare.com\/fr\/migraine-bienvenue_treatment\/","title":{"rendered":"Migraine_Bienvenue_treatment"},"content":{"rendered":"<p><div class=\"fusion-fullwidth fullwidth-box fusion-builder-row-1 fusion-flex-container nonhundred-percent-fullwidth non-hundred-percent-height-scrolling\" style=\"--awb-border-radius-top-left:0px;--awb-border-radius-top-right:0px;--awb-border-radius-bottom-right:0px;--awb-border-radius-bottom-left:0px;--awb-margin-bottom:37px;--awb-background-color:rgba(29,190,190,0.77);--awb-flex-wrap:wrap;\" ><div class=\"fusion-builder-row fusion-row fusion-flex-align-items-flex-start fusion-flex-content-wrap\" style=\"max-width:1310.4px;margin-left: calc(-4% \/ 2 );margin-right: calc(-4% \/ 2 );\"><div class=\"fusion-layout-column fusion_builder_column fusion-builder-column-0 fusion_builder_column_1_1 1_1 fusion-flex-column\" style=\"--awb-bg-size:cover;--awb-width-large:100%;--awb-margin-top-large:0px;--awb-spacing-right-large:1.92%;--awb-margin-bottom-large:20px;--awb-spacing-left-large:1.92%;--awb-width-medium:100%;--awb-order-medium:0;--awb-spacing-right-medium:1.92%;--awb-spacing-left-medium:1.92%;--awb-width-small:100%;--awb-order-small:0;--awb-spacing-right-small:1.92%;--awb-margin-bottom-small:0px;--awb-spacing-left-small:1.92%;\"><div class=\"fusion-column-wrapper fusion-column-has-shadow fusion-flex-justify-content-flex-start fusion-content-layout-column\"><div class=\"fusion-title title fusion-title-1 fusion-no-small-visibility fusion-sep-none fusion-title-text fusion-title-size-one\" style=\"--awb-text-color:var(--awb-color1);--awb-margin-top-small:10px;--awb-margin-right-small:0px;--awb-margin-bottom-small:10px;--awb-margin-left-small:0px;\"><h1 class=\"fusion-title-heading title-heading-left\" style=\"margin:0;\"><h1 style=\"text-align: center;\">Bienvenue dans la communaut\u00e9 d&#8217;utilisateurs d&#8217;Apo<\/h1><\/h1><\/div><div class=\"fusion-title title fusion-title-2 fusion-no-medium-visibility fusion-no-large-visibility fusion-sep-none fusion-title-text fusion-title-size-one\" style=\"--awb-text-color:var(--awb-color1);--awb-margin-top-small:10px;--awb-margin-right-small:0px;--awb-margin-bottom-small:10px;--awb-margin-left-small:0px;--awb-font-size:35px;\"><h1 class=\"fusion-title-heading title-heading-left\" style=\"margin:0;font-size:1em;\"><h1 style=\"text-align: center;\">Bienvenue dans la communaut\u00e9 d&#8217;utilisateurs d&#8217;Apo<\/h1><\/h1><\/div><\/div><\/div><\/div><\/div><div class=\"fusion-fullwidth fullwidth-box fusion-builder-row-2 fusion-flex-container nonhundred-percent-fullwidth non-hundred-percent-height-scrolling\" style=\"--awb-border-radius-top-left:0px;--awb-border-radius-top-right:0px;--awb-border-radius-bottom-right:0px;--awb-border-radius-bottom-left:0px;--awb-flex-wrap:wrap;\" ><div class=\"fusion-builder-row fusion-row fusion-flex-align-items-flex-start fusion-flex-content-wrap\" style=\"max-width:1310.4px;margin-left: calc(-4% \/ 2 );margin-right: calc(-4% \/ 2 );\"><div class=\"fusion-layout-column fusion_builder_column fusion-builder-column-1 fusion_builder_column_1_1 1_1 fusion-flex-column\" style=\"--awb-bg-blend:overlay;--awb-bg-size:cover;--awb-width-large:100%;--awb-margin-top-large:0px;--awb-spacing-right-large:1.92%;--awb-margin-bottom-large:0px;--awb-spacing-left-large:1.92%;--awb-width-medium:100%;--awb-spacing-right-medium:1.92%;--awb-spacing-left-medium:1.92%;--awb-width-small:100%;--awb-spacing-right-small:1.92%;--awb-spacing-left-small:1.92%;\"><div class=\"fusion-column-wrapper fusion-flex-justify-content-flex-start fusion-content-layout-column\"><div class=\"fusion-text fusion-text-1\"><h3 class=\"fusion-responsive-typography-calculated\" data-fontsize=\"26\" data-lineheight=\"33.8px\">Vous avez fait un premier pas dans la prise en main de votre migraine ! Vous y \u00eates presque !<\/h3>\n<p><b>Simple, Efficace et Personnalis\u00e9e<\/b> <b>sont les 3 ma\u00eetres mots d\u2019Apo<\/b>.<\/p>\n<ul>\n<li><strong style=\"color: var(--awb-custom_color_8);\">Simple<\/strong> : Lors d\u2019une crise, Apo vous demande juste ce qu\u2019il faut d\u2019information ni plus, ni moins, pour vous \u00eatre utile, \u00e0 vous et \u00e0 votre m\u00e9decin. Pas de prise de t\u00eate lorsqu\u2019on veut enregistrer une crise, ce serait un comble !<\/li>\n<\/ul>\n<ul>\n<li><strong style=\"color: var(--awb-color4);\">Efficace<\/strong> : Moins de 30 secondes, c\u2019est le temps n\u00e9cessaire pour enregistrer une crise de migraine sur Apo. Pas besoin d\u2019y aller par 4 chemins en r\u00e9pondant \u00e0 1000 questions.<\/li>\n<\/ul>\n<ul>\n<li><strong style=\"color: var(--awb-custom_color_9);\">Personnalis\u00e9e<\/strong> : Pierre n\u2019a pas les m\u00eames migraines que Marie, qui n\u2019a pas les m\u00eames migraines que Sarah. Chacun vit sa maladie \u00e0 sa mani\u00e8re et Apo respecte cela, et tente de s\u2019adapter \u00e0 chacun.<\/li>\n<\/ul>\n<p><strong>La consommation m\u00e9dicamenteuse est un \u00e9l\u00e9ment cl\u00e9 du suivi de la migraine<\/strong> (pour \u00e9viter d\u2019entrer dans la migraine par surconsommation m\u00e9dicamenteuse). Une des choses \u00e0 faire pour vous faciliter la vie, est de renseigner vos traitements dans votre profil, dans la section \u201cMon traitement\u201d.<\/p>\n<p>Pourquoi faire ? Et bien parce que<strong> si vous renseigner 1 fois votre traitement dans votre profil, vous n\u2019aurez plus \u00e0 le saisir lors de chaque enregistrement de crise. Il vous suffira d\u2019indiquer la dose prise \u00e0 chaque crise.<\/strong><\/p>\n<ul>\n<li aria-level=\"1\"><strong>Si vous avez une prescription faite par votre m\u00e9decin<\/strong>, reprenez le nom du traitement prescrit et saisissez-le dans la barre de recherche. Vous pouvez indiquer votre traitement de crise, mais aussi votre traitement de fond. Si votre m\u00e9decin change votre traitement, n\u2019oubliez pas de le changer dans l\u2019application.<\/li>\n<\/ul>\n<ul>\n<li aria-level=\"1\"><strong>Si vous n\u2019avez pas de prescription m\u00e9dicale<\/strong>, vous pouvez \u00e9galement enregistrer dans Apo les traitements, tels que les anti-douleurs ou autres, que vous avez l\u2019habitude de prendre en auto-m\u00e9dication.<\/li>\n<\/ul>\n<p>Pour savoir comment renseigner votre traitement dans votre profil, jetez un oeil \u00e0 cette courte vid\u00e9o tuto :<\/p>\n<p>&nbsp;<\/p>\n<\/div><div class=\"fusion-video fusion-youtube\" style=\"--awb-max-width:600px;--awb-max-height:360px;--awb-align-self:center;--awb-width:100%;\"><div class=\"video-shortcode\"><lite-youtube videoid=\"gYHwoZXuK8g\" class=\"landscape\" params=\"wmode=transparent&autoplay=1&amp;enablejsapi=1\" title=\"YouTube video player 1\" data-button-label=\"Play Video\" width=\"600\" height=\"360\" data-thumbnail-size=\"auto\" data-no-cookie=\"on\"><\/lite-youtube><\/div><\/div><div class=\"fusion-text fusion-text-2\"><p>&nbsp;<\/p>\n<p><span style=\"font-weight: 400;\">NB : Vous pouvez saisir dans la barre de recherche d\u2019Apo le nom de la mol\u00e9cule (exemple : parac\u00e9tamol) ou bien le nom donn\u00e9 par le laboratoire qui le commercialise (exemple : Doliprane). Si le traitement prescrit est un g\u00e9n\u00e9rique, le nom du laboratoire importe peu, n\u2019y faites pas attention. <\/span><\/p>\n<ul>\n<li style=\"font-weight: 400;\" aria-level=\"1\"><span style=\"font-weight: 400;\"><strong>Si vous ne prenez jamais de traitement en cas de crise<\/strong>, ne tenez pas compte de cette recommandation <img decoding=\"async\" class=\"lazyload emoji\" role=\"img\" draggable=\"false\" src=\"data:image\/gif;base64,R0lGODlhAQABAAAAACH5BAEKAAEALAAAAAABAAEAAAICTAEAOw==\" data-orig-src=\"https:\/\/s.w.org\/images\/core\/emoji\/14.0.0\/svg\/1f609.svg\" alt=\"\ud83d\ude09\" \/>.<\/span><\/li>\n<\/ul>\n<p><span style=\"font-weight: 400;\">\u00a0<\/span><\/p>\n<p><span style=\"font-weight: 400;\">Si vous rencontrez le moindre souci pour ajouter vos traitements ou si vous avez des questions sur l\u2019application, vous pouvez nous contacter, l\u2019Apo Team vous r\u00e9pondra et vous accompagnera dans la prise en main d\u2019Apo avec plaisir.<\/span><\/p>\n<\/div><div style=\"text-align:center;\"><a class=\"fusion-button button-flat fusion-button-default-size button-default fusion-button-default button-1 fusion-button-default-span fusion-button-default-type\" style=\"--button-border-radius-top-left:50px;--button-border-radius-top-right:50px;--button-border-radius-bottom-right:50px;--button-border-radius-bottom-left:50px;\" target=\"_self\" href=\"https:\/\/www.apotechcare.com\/patient\/\"><span class=\"fusion-button-text awb-button__text awb-button__text--default\">Nous contacter<\/span><\/a><\/div><\/div><\/div><\/div><\/div><\/p>","protected":false},"excerpt":{"rendered":"","protected":false},"author":1,"featured_media":0,"parent":0,"menu_order":0,"comment_status":"closed","ping_status":"open","template":"","meta":{"footnotes":""},"class_list":["post-2628","page","type-page","status-publish","hentry"],"_links":{"self":[{"href":"https:\/\/www.apotechcare.com\/fr\/wp-json\/wp\/v2\/pages\/2628","targetHints":{"allow":["GET"]}}],"collection":[{"href":"https:\/\/www.apotechcare.com\/fr\/wp-json\/wp\/v2\/pages"}],"about":[{"href":"https:\/\/www.apotechcare.com\/fr\/wp-json\/wp\/v2\/types\/page"}],"author":[{"embeddable":true,"href":"https:\/\/www.apotechcare.com\/fr\/wp-json\/wp\/v2\/users\/1"}],"replies":[{"embeddable":true,"href":"https:\/\/www.apotechcare.com\/fr\/wp-json\/wp\/v2\/comments?post=2628"}],"version-history":[{"count":6,"href":"https:\/\/www.apotechcare.com\/fr\/wp-json\/wp\/v2\/pages\/2628\/revisions"}],"predecessor-version":[{"id":3528,"href":"https:\/\/www.apotechcare.com\/fr\/wp-json\/wp\/v2\/pages\/2628\/revisions\/3528"}],"wp:attachment":[{"href":"https:\/\/www.apotechcare.com\/fr\/wp-json\/wp\/v2\/media?parent=2628"}],"curies":[{"name":"wp","href":"https:\/\/api.w.org\/{rel}","templated":true}]}}