{"id":2331,"date":"2022-07-01T09:28:59","date_gmt":"2022-07-01T09:28:59","guid":{"rendered":"https:\/\/www.apotechcare.com\/?page_id=2331"},"modified":"2022-09-21T08:40:11","modified_gmt":"2022-09-21T08:40:11","slug":"terms","status":"publish","type":"page","link":"https:\/\/www.apotechcare.com\/fr\/terms\/","title":{"rendered":"Terms of service"},"content":{"rendered":"<h2 class=\"wp-block-heading\">Conditions g\u00e9n\u00e9rales d&#8217;utilisation<\/h2>\r\n\r\n\r\n\r\n<p>Les pr\u00e9sentes Conditions G\u00e9n\u00e9rales d\u2019Utilisation (C.G.U.) ont pour objet de pr\u00e9senter les r\u00e8gles d\u2019utilisation de l\u2019application mobile \u00ab Apo Migraine\u00bb, et des sites internet<a href=\"http:\/\/www.apomigraine.fr\/\">\u00a0www.apomigraine.fr<\/a>,<a href=\"http:\/\/www.apomigraine.com\/\">\u00a0www.apomigraine.com<\/a>\u00a0et<a href=\"https:\/\/www.apotechcare.com\/\">\u00a0www.apotechcare.com<\/a>\u00a0ou encore<a href=\"http:\/\/www.migraine.apotechcare.com\/\">\u00a0www.migraine.apotechcare.com<\/a>\u00a0ainsi que les r\u00e9seaux sociaux Facebook (<a href=\"https:\/\/www.facebook.com\/ApoMigraine\">fb.me\/ApoMigraine<\/a>), Twitter (@CareApo), instagram (apotechcare), LinkedIn d\u2019Apo Tech Care.<\/p>\r\n<p>L\u2019application \u00ab Apo Migraine\u00bb est \u00e9dit\u00e9e par \u00ab Apo Tech Care \u00bb, Soci\u00e9t\u00e9 par Actions Simplifi\u00e9es domicili\u00e9e au 28 boulevard du Colombier, 35000 Rennes.<\/p>\r\n<p>En installant et\/ou en utilisant l\u2019application \u00ab Apo \u00bb sur votre mat\u00e9riel, vous (\u00e0 savoir l\u2019utilisateur) acceptez sans condition ni r\u00e9serve l\u2019int\u00e9gralit\u00e9 des pr\u00e9sentes Conditions G\u00e9n\u00e9rales d\u2019Utilisation (C.G.U.). Et vous vous engagez sans conditions \u00e0 respecter les pr\u00e9sentes Conditions G\u00e9n\u00e9rales d\u2019Utilisation (C.G.U.).<\/p>\r\n<p>Si vous n\u2019acceptez par les pr\u00e9sentes Conditions G\u00e9n\u00e9rales d\u2019Utilisation (C.G.U.) il vous est demand\u00e9 de ne pas installer, ni d\u2019utiliser l\u2019application \u00ab Apo Migraine\u00bb.<\/p>\r\n<p>Avertissement: L\u2019Application Apo ne remplace en rien la consultation ou les soins m\u00e9dicaux. Les causes m\u00e9dicales des maux de t\u00eate ne peuvent \u00eatre d\u00e9termin\u00e9es que par un m\u00e9decin. L\u2019application Apo offre un service d\u2019analyse des informations saisies par l\u2019utilisateur ou collect\u00e9es automatiquement (selon autorisation de l\u2019utilisateur), analyse ayant pour but d\u2019aider l\u2019utilisateur \u00e0 mieux comprendre sa maladie. L\u2019utilisateur peut transmettre le rapport d\u2019analyse issue de l\u2019application Apo \u00e0 son m\u00e9decin, \u00e9tant entendu qu\u2019il est responsable de la s\u00e9curit\u00e9 d\u2019un tel envoie (messagerie, v\u00e9racit\u00e9 des coordonn\u00e9es du destinataires\u2026).<\/p>\r\n<p><b>Article 1 : DEFINITIONS ET OBJET DE L\u2019APPLICATION<\/b><\/p>\r\n<p>Le terme \u00ab utilisateur \u00bb d\u00e9signe une personne physique majeure ou mineure (ayant pr\u00e9alablement obtenu l\u2019autorisation de ses parents ou de la personne investie de l\u2019autorit\u00e9 parentale).<\/p>\r\n<p>Le terme \u00ab application \u00bb d\u00e9signe le programme \u00ab Apo Migraine\u00bb t\u00e9l\u00e9chargeable sur les stores virtuels pour t\u00e9l\u00e9phones mobiles compatibles.<\/p>\r\n<p>L\u2019application est compos\u00e9e de \u00ab contenus \u00bb et de \u00ab services \u00bb :<\/p>\r\n<ul>\r\n<li aria-level=\"1\">Le contenu d\u00e9signe les textes, les sons (audio et sonores), les vid\u00e9os (\u0153uvres audiovisuelles et multim\u00e9dias), la charte graphique, les logos des marques partenaires, les images et illustrations, les photographies. C\u2019est-\u00e0-dire tout ce qui compose l\u2019application.<\/li>\r\n<li aria-level=\"1\">Les services d\u00e9signent les fonctionnalit\u00e9s incluses dans l\u2019application.<\/li>\r\n<\/ul>\r\n<p>Ces fonctionnalit\u00e9s sont:<\/p>\r\n<p>a \u2013 Externes \u00e0 l\u2019application via des liens hypertextes vers des sites internet :<\/p>\r\n<ul>\r\n<li aria-level=\"1\">Lien vers le site internet \u00ab Facebook \u00bb de la page de ApoMigraine<\/li>\r\n<li aria-level=\"1\">Lien vers le site internet \u00ab Twitter \u00bb de la page d\u2019@CareApo<\/li>\r\n<li aria-level=\"1\">Lien vers le site internet \u201cInstagram\u201d de la page de apotechcare<\/li>\r\n<li aria-level=\"1\">Lien vers le site internet \u201cLinkedIn\u201d de la page Apo Tech Care<\/li>\r\n<\/ul>\r\n<p>Ces sites internet ne sont pas administr\u00e9s par l\u2019entreprise Apo Tech Care qui ne peut \u00eatre tenue responsable en cas de dysfonctionnement, de non disponibilit\u00e9.<\/p>\r\n<p>b \u2013 Internes \u00e0 l\u2019application:<\/p>\r\n<ul>\r\n<li aria-level=\"1\">Donner \u00e0 l\u2019utilisateur l\u2019acc\u00e8s \u00e0 des informations sur la migraine<\/li>\r\n<li aria-level=\"1\">Donner \u00e0 l\u2019utilisateur l\u2019acc\u00e8s \u00e0 l\u2019analyse de ses renseignements (crises de migraines enregistr\u00e9es, donn\u00e9es collect\u00e9es automatiquement selon autorisations de l\u2019utilisateur) faite automatiquement par l\u2019application<\/li>\r\n<li aria-level=\"1\">Donner \u00e0 l\u2019utilisateur la possibilit\u00e9 de partager son rapport avec son m\u00e9decin, l\u2019envoie \u00e9tant op\u00e9r\u00e9 par l\u2019utilisateur via ses propres outils de messageries<\/li>\r\n<li aria-level=\"1\">Donner \u00e0 l\u2019utilisateur la possibilit\u00e9 d\u2019enregistrer une crise de migraine, en r\u00e9pondant \u00e0 une s\u00e9rie de questions<\/li>\r\n<li aria-level=\"1\">De donner \u00e0 l\u2019utilisateur l\u2019acc\u00e8s \u00e0 des services de notifications et rappels, selon autorisation de l\u2019utilisateur (Note : les \u00ab notifications push \u00bb sont envoy\u00e9es et se signalent \u00e0 l\u2019utilisateur m\u00eame si l\u2019application pr\u00e9alablement install\u00e9e et ferm\u00e9e. Il faut que l\u2019utilisateur accepte la r\u00e9ception des \u00ab notifications push \u00bb dans le param\u00e9trage du t\u00e9l\u00e9phone).<\/li>\r\n<\/ul>\r\n<p>Afin de pouvoir proposer \u00e0 l\u2019utilisateur et son assistance m\u00e9dicale toute la gamme des services de l\u2019application \u00ab Apo \u00bb, nous lui demandons entre autres les informations suivantes: Informations personnelles dans le contexte de l\u2019enregistrement (par exemple, nom, pr\u00e9nom, adresse \u00e9lectronique), informations suppl\u00e9mentaires telle que des informations sur sa sant\u00e9 (sympt\u00f4me, intensit\u00e9 de la douleur, traitements\u2026), ses habitudes alimentaires, ses activit\u00e9s quotidiennes, et d\u2019autres donn\u00e9es. Lorsque nous fournissons nos services, nous pouvons supposer que les donn\u00e9es que renseign\u00e9es par l\u2019utilisateur sont correctes, compl\u00e8tes et \u00e0 jour. Si les donn\u00e9es sont incorrectes, incompl\u00e8tes ou non mises \u00e0 jour, l\u2019utilisateur accepte que les r\u00e9sultats obtenus et communiqu\u00e9s par nous puissent \u00eatre inexacts. Plus d\u2019informations sur les donn\u00e9es collect\u00e9es et trait\u00e9es par nous et sur leur utilisation, veuillez consulter notre politique de confidentialit\u00e9<a href=\"https:\/\/www.migraine.apotechcare.com\/privacy\">\u00a0https:\/\/www.migraine.apotechcare.com\/privacy<\/a>\u00a0.<\/p>\r\n<p>Cette liste de fonctionnalit\u00e9s de l\u2019application \u00ab Apo \u00bb, est non exhaustive et peut \u00eatre modifi\u00e9e \u00e0 tout moment par l\u2019entreprise Apo Tech Care sans que sa responsabilit\u00e9 ne puisse \u00eatre engag\u00e9e.<\/p>\r\n<p><b>Article 2 : LES NOTIFICATIONS PUSH<\/b><\/p>\r\n<p>L\u2019utilisation de la fonctionnalit\u00e9 nomm\u00e9e \u00ab notification \u00bb de l\u2019application \u00ab Apo \u00bb n\u00e9cessite le consentement pr\u00e9alable de l\u2019utilisateur. Pour cela l\u2019utilisateur devra activer, s\u2019il le souhaite, la fonction de \u00ab notification push \u00bb directement dans les r\u00e9glages de son terminal mobile et accepter que l\u2019application \u00ab Apo \u00bb puisse y avoir recours. Cette fonctionnalit\u00e9 peut, \u00e0 tout moment, et sans frais, \u00eatre d\u00e9sactiv\u00e9e ou activ\u00e9e.<\/p>\r\n<p>Gr\u00e2ce \u00e0 l\u2019acceptation de la fonction de notification push l\u2019utilisateur peut recevoir des messages (sous forme de texte) \u00e0 caract\u00e8re informatif pratique et\/ou publicitaire m\u00eame si l\u2019application \u00ab Apo \u00bb est ferm\u00e9e.<\/p>\r\n<p><b>Article 3 : MISE A DISPOSITION DE L\u2019APPLICATION<\/b><\/p>\r\n<p>Pour acc\u00e9der et utiliser l\u2019application l\u2019utilisateur doit poss\u00e9der<\/p>\r\n<ul>\r\n<li aria-level=\"1\">Un t\u00e9l\u00e9phone compatible ou un terminal mobile compatible (iPhone)<\/li>\r\n<li aria-level=\"1\">Un acc\u00e8s au r\u00e9seau Internet.<\/li>\r\n<li aria-level=\"1\">Un compte client dans un store virtuel chez l\u2019un des fournisseurs de l\u2019application mobiles (Apple Store)<\/li>\r\n<li aria-level=\"1\">Necessite :<\/li>\r\n<\/ul>\r\n<p>\u2013 t\u00e9l\u00e9phone mobile Iphone\u00ae d\u2019Apple\u00ae disposant du syst\u00e8me d\u2019exploitation iOS sous iOS 12 ou version ult\u00e9rieure<\/p>\r\n<p>L\u2019application est accessible 24 heures sur 24, 7 jours sur 7 sauf en cas de force majeure ou de survenance d\u2019un \u00e9v\u00e9nement hors du contr\u00f4le de l\u2019entreprise Apo Tech Care et sous r\u00e9serve des \u00e9ventuelles pannes et interventions de maintenance n\u00e9cessaires au bon fonctionnement de l\u2019application. Les interventions de maintenance pourront \u00eatre effectu\u00e9es sans que les utilisateurs aient \u00e9t\u00e9 pr\u00e9alablement avertis.<\/p>\r\n<p>L\u2019entreprise Apo Tech Care ne peut \u00eatre tenue responsable :<\/p>\r\n<ul>\r\n<li aria-level=\"1\">de l\u2019impossibilit\u00e9 d\u2019acc\u00e9der \u00e0 l\u2019application pour quelque raison que ce soit<\/li>\r\n<li aria-level=\"1\">pour quelque raison que ce soit, si la connexion internet devait \u00eatre interrompue.<\/li>\r\n<li aria-level=\"1\">en cas de perte ou non disponibilit\u00e9 des donn\u00e9es de l\u2019utilisateurs stock\u00e9es sur nos serveurs<\/li>\r\n<\/ul>\r\n<p><b>Article 4 : CONDITIONS FINANCIERES<\/b><\/p>\r\n<p>L\u2019application est t\u00e9l\u00e9chargeable gratuitement depuis la plateforme \u00ab Apple Store \u00bb.<\/p>\r\n<p>L\u2019application est propos\u00e9e gratuitement aux utilisateurs hors co\u00fbts d\u2019abonnement aupr\u00e8s de l\u2019op\u00e9rateur de t\u00e9l\u00e9phonie mobile, hors co\u00fbts de connexion et d\u2019acc\u00e8s au r\u00e9seau Internet et hors surco\u00fbt \u00e9ventuel factur\u00e9 pour le chargement des donn\u00e9es.<\/p>\r\n<p>Nous n\u2019excluons pas de proposer une version payante de l\u2019application Apo \u00e0 l\u2019avenir.<\/p>\r\n<p><b>Article 5 : PROPRIETE INTELLECTUELLE DE L\u2019APPLICATION<\/b><\/p>\r\n<p>L\u2019int\u00e9gralit\u00e9 de l\u2019application \u00ab Apo \u00bb est prot\u00e9g\u00e9e par les l\u00e9gislations fran\u00e7aises et internationales relatives \u00e0 la propri\u00e9t\u00e9 intellectuelle. Tous les droits de reproduction et de repr\u00e9sentation sont r\u00e9serv\u00e9s, y compris pour les documents t\u00e9l\u00e9chargeables. L\u2019ensemble des textes, graphismes, ic\u00f4nes, photographies, plans, logos, vid\u00e9os, sons, marques, et plus g\u00e9n\u00e9ralement l\u2019ensemble des \u00e9l\u00e9ments composant l\u2019application \u00ab Apo \u00bb ne peuvent, conform\u00e9ment aux articles L122-4 et L341-1 et suivants du Code de la propri\u00e9t\u00e9 intellectuelle, faire l\u2019objet d\u2019une quelconque repr\u00e9sentation, reproduction, exploitation ou extraction, int\u00e9grale ou partielle, sur quelque support que ce soit, sans l\u2019autorisation expresse et pr\u00e9alable de l\u2019entreprise Apo Tech Care, ou sa repr\u00e9sentante, C\u00e9line F\u00e9ron.<\/p>\r\n<p>Le non-respect de cette interdiction constituerait un acte de contrefa\u00e7on pouvant engager la responsabilit\u00e9 civile et\/ou p\u00e9nale de son auteur. L\u2019entreprise Apo Tech Care ou sa repr\u00e9sentante, se r\u00e9serve le droit d\u2019engager des poursuites judiciaires \u00e0 l\u2019encontre de toute personne qui n\u2019aurait pas respect\u00e9 cette interdiction.<\/p>\r\n<p>Aucune des dispositions des pr\u00e9sentes C.G.U. ne peut \u00eatre interpr\u00e9t\u00e9e comme une cession, un transfert, une vente, une concession, une licence, un pr\u00eat, une location, une autorisation d\u2019exploitation consentie directement ou indirectement par l\u2019entreprise Apo Tech Care ou sa repr\u00e9sentante, C\u00e9line F\u00e9ron, au profit de l\u2019utilisateur, sur l\u2019application, son Contenu, et\/ou les Services.<\/p>\r\n<p><b>Article 6 : LICENCE D\u2019UTILISATION<\/b><\/p>\r\n<p>L\u2019entreprise Apo Tech Care, ou sa repr\u00e9sentante C\u00e9line F\u00e9ron, conc\u00e8de \u00e0 l\u2019utilisateur un droit personnel d\u2019utilisation de l\u2019application, du contenu et des services. Droit non exclusif, r\u00e9vocable, non cessible et non transf\u00e9rable.<\/p>\r\n<p>Utilisation uniquement pour les besoins de l\u2019utilisateur dans le cadre indiqu\u00e9 dans l\u2019Article 1 : DEFINITIONS &amp; OBJET DE L\u2019APPLICATION, \u00e0 l\u2019exclusion de toute autre finalit\u00e9.<\/p>\r\n<p>Il est strictement interdit \u00e0 l\u2019utilisateur d\u2019acc\u00e9der et\/ou d\u2019utiliser les codes source de l\u2019application et\/ou des composants logiciels de l\u2019application.<\/p>\r\n<p>L\u2019utilisateur n\u2019acquiert aucun droit de propri\u00e9t\u00e9 intellectuelle sur l\u2019application, le contenu et\/ou les services ni aucun autre droit que ceux conf\u00e9r\u00e9s par les pr\u00e9sentes C.G.U..<\/p>\r\n<p>La pr\u00e9sente licence ne conf\u00e8re aucun droit d\u2019utilisation \u00e0 l\u2019utilisateur sur le contenu. L\u2019utilisateur s\u2019interdit donc de reproduire, repr\u00e9senter, adapter et\/ou exploiter l\u2019un et l\u2019autre Contenu.<\/p>\r\n<p>L\u2019utilisateur s\u2019engage express\u00e9ment \u00e0 ce que l\u2019utilisation de l\u2019application ne porte en aucun cas atteinte aux droits de l\u2019entreprise Apo Tech Care, ou sa repr\u00e9sentante, et notamment \u00e0 ce que cette utilisation ne constitue pas un acte de contrefa\u00e7on, de concurrence d\u00e9loyale ou parasitaire du Contenu.<\/p>\r\n<p>L\u2019entreprise Apo Tech Care ou sa repr\u00e9sentante se r\u00e9serve le droit de mettre fin \u00e0 l\u2019utilisation de l\u2019application \u00e0 tout moment.<\/p>\r\n<p>Au moment de l\u2019arr\u00eat de l\u2019application, les droits et les licences accord\u00e9s \u00e0 l\u2019utilisateur seront r\u00e9sili\u00e9s et il devra cesser toute utilisation de l\u2019application.<\/p>\r\n<p><b>Article 7 : OBLIGATIONS DE L\u2019UTILISATEUR<\/b><\/p>\r\n<p>L\u2019utilisateur s\u2019engage express\u00e9ment :<\/p>\r\n<ul>\r\n<li aria-level=\"1\">A t\u00e9l\u00e9charger l\u2019application sur son mat\u00e9riel pour un usage strictement personnel et non commercial, sans but lucratif direct ou indirect.<\/li>\r\n<li aria-level=\"1\">A ne pas reproduire, de mani\u00e8re temporaire et ou d\u00e9finitive, tout ou partie, de l\u2019application que ce soit le contenu, et ou les fonctionnalit\u00e9s, et ce quelque soit la finalit\u00e9 ou le mode de diffusion.<\/li>\r\n<li aria-level=\"1\">A ne pas utiliser des programmes ou autres syst\u00e8mes pouvant provoquer des perturbations de l\u2019application qui la rendrait inutilisable.<\/li>\r\n<li aria-level=\"1\">A ne pas vendre, louer, sous-licencier ou distribuer de quelque fa\u00e7on que ce soit l\u2019application et\/ou le contenu \u00e0 des tiers.<\/li>\r\n<\/ul>\r\n<p>L\u2019utilisateur accepte express\u00e9ment :<\/p>\r\n<ul>\r\n<li aria-level=\"1\">De recevoir des informations sur l\u2019application Apo, tant qu\u2019il ne d\u00e9sinstalle pas l\u2019application de son mat\u00e9riel. Les informations sont des mises en avant dans l\u2019application, d\u2019informations pratiques sur l\u2019utilisation de l\u2019application et\/ou de br\u00e8ves informations sur la migraine, qui n\u2019engagent en rien l\u2019entreprise Apo Tech Care.<\/li>\r\n<\/ul>\r\n<p><b>Article 8 : GARANTIE &amp; RISQUES<\/b><\/p>\r\n<p>L\u2019application \u00ab Apo Migraine\u00bb est fournie sans garantie quelle qu\u2019elle soit.<\/p>\r\n<ul>\r\n<li aria-level=\"1\">Risques sur le \u00ab contenu \u00bb et les \u00ab services \u00bb de l\u2019application :<\/li>\r\n<\/ul>\r\n<p>Les informations communiqu\u00e9es dans l\u2019application \u00abApo \u00bb sont fournies \u00e0 titre indicatif, elles sont non contractuelles et ne sauraient engager la responsabilit\u00e9 de l\u2019entreprise Apo Tech Care ou sa repr\u00e9sentante C\u00e9line F\u00e9ron. Elles peuvent \u00eatre modifi\u00e9es ou mises \u00e0 jour sans pr\u00e9avis. L\u2019entreprise Apo Tech Care ou sa repr\u00e9sentante, se r\u00e9serve \u00e9galement le droit, \u00e0 tout moment et sans pr\u00e9avis, d\u2019apporter des am\u00e9liorations et\/ou modifications \u00e0 l\u2019application.<\/p>\r\n<p>L\u2019entreprise Apo Tech Care ne peut \u00eatre de fait tenue responsable sur les \u00e9ventuelles omissions et\/ou erreurs que pourrait contenir l\u2019application.<\/p>\r\n<p>La version de l\u2019application \u00ab Apo Migraine\u00bb peut \u00eatre mise \u00e0 jour de temps \u00e0 autre pour ajouter du nouveau contenu et\/ou des nouveaux services sans aucune information pr\u00e9alable vis-\u00e0-vis de l\u2019utilisateur.<\/p>\r\n<ul>\r\n<li aria-level=\"1\">Risques utilisateur :<\/li>\r\n<\/ul>\r\n<p>En utilisant l\u2019application, l\u2019utilisateur assume toutes les cons\u00e9quences n\u00e9gatives que pourraient engendrer l\u2019application.<\/p>\r\n<p>Avec votre inscription, nous cr\u00e9ons un compte personnel pour vous. Dans ce compte utilisateur, toutes vos donn\u00e9es saisies lors de l\u2019enregistrement et lors de l\u2019utilisation ult\u00e9rieure de l\u2019application \u00ab Apo Migraine\u00bb seront sauvegard\u00e9es. Plus d\u2019information sur la protection des donn\u00e9es sont pr\u00e9sent\u00e9es dans notre politique de confidentialit\u00e9 :<a href=\"https:\/\/www.migraine.apotechcare.com\/privacy\">\u00a0https:\/\/www.migraine.apotechcare.com\/privacy<\/a>. Pour prot\u00e9ger sa vie priv\u00e9e, nous demandons \u00e0 l\u2019utilisateur de bien choisir son nom d\u2019utilisateur et son mot de passe pour l\u2019acc\u00e8s et de ne pas les divulguer \u00e0 qui que ce soit. Nous demandons \u00e9galement \u00e0 l\u2019utilisateur de mettre \u00e0 jour r\u00e9guli\u00e8rement ses informations de contact. Si l\u2019utilisateur perd ses donn\u00e9es d\u2019acc\u00e8s ou constate une utilisation abusive de son compte, il est pri\u00e9 de nous en informer imm\u00e9diatement.<\/p>\r\n<p>Il appartient \u00e0 tout utilisateur de prendre toutes les mesures appropri\u00e9es de fa\u00e7on \u00e0 prot\u00e9ger ses propres donn\u00e9es et\/ ou logiciels stock\u00e9s sur son et\/ou ses mat\u00e9riels (t\u00e9l\u00e9phonique, informatique) contre toute atteinte (dysfonctionnement, virus, piratage. Liste non exhaustive).<\/p>\r\n<p>La responsabilit\u00e9 de l\u2019entreprise Apo Tech Care ne saurait \u00eatre engag\u00e9e pour :<\/p>\r\n<ul>\r\n<li aria-level=\"1\">Les dommages de toute nature, directs ou indirects, r\u00e9sultant de l\u2019utilisation ou de l\u2019incapacit\u00e9 \u00e0 utiliser l\u2019application et notamment toute perte d\u2019exploitation, perte financi\u00e8re ou commerciale, perte de programmes et\/ou de donn\u00e9es en particulier dans le syst\u00e8me d\u2019information de l\u2019utilisateur de l\u2019application.<\/li>\r\n<li aria-level=\"1\">Les dommages de toute nature, directs ou indirects, r\u00e9sultant du contenu et\/ou de l\u2019utilisation ou de l\u2019incapacit\u00e9 \u00e0 utiliser des sites Internet li\u00e9s \u00e0 l\u2019application ou auxquels les utilisateurs pourraient avoir acc\u00e8s via l\u2019application.<\/li>\r\n<\/ul>\r\n<p>L\u2019entreprise Apo Tech Care d\u00e9cline toute responsabilit\u00e9 en cas de mauvaise utilisation du terminal et\/ou d\u2019incident li\u00e9 \u00e0 l\u2019utilisation du terminal lors de l\u2019utilisation de l\u2019application. L\u2019entreprise Apo Tech Care ne saurait en aucun cas \u00eatre tenue responsable de tout dommage, de quelque nature que ce soit, caus\u00e9 aux utilisateurs, \u00e0 leurs terminaux, \u00e0 leurs \u00e9quipements informatiques et t\u00e9l\u00e9phoniques et aux donn\u00e9es qui y sont stock\u00e9es ni des cons\u00e9quences pouvant en d\u00e9couler sur leur activit\u00e9 personnelle, professionnelle ou commerciale.<\/p>\r\n<p>Nota bene: les analyses propos\u00e9es par l\u2019application \u00ab Apo \u00bb d\u00e9pendent du nombre et de l\u2019exactitude des informations qui sont fournies par l\u2019utilisateur. Les analyses n\u00e9cessitent une interpr\u00e9tation m\u00e9dicale, ont une signification limit\u00e9e et ne doivent en aucun cas \u00eatre utilis\u00e9es comme base unique du diagnostic et du traitement. Nous n\u2019assumons donc aucune responsabilit\u00e9 quant \u00e0 l\u2019analyse et \u00e0 l\u2019interpr\u00e9tation qui en est faite par l\u2019utilisateur ou une personne tierce.<\/p>\r\n<ul>\r\n<li aria-level=\"1\">Risque sur le \u00ab r\u00e9seau internet \u00bb :<\/li>\r\n<\/ul>\r\n<p>L\u2019utilisateur d\u00e9clare conna\u00eetre et accepter les limites et les probl\u00e9matiques du r\u00e9seau Internet et pour lesquelles la responsabilit\u00e9 de l\u2019entreprise Apo Tech Care ne saurait \u00eatre engag\u00e9e.<\/p>\r\n<p>Et notamment les limites et\/ou les probl\u00e9matiques suivantes (liste non exhaustive) :<\/p>\r\n<ul>\r\n<li aria-level=\"1\">Li\u00e9es aux probl\u00e8mes du r\u00e9seau Internet et\/ou aux sites web : interruption, dysfonctionnement, indisponibilit\u00e9, temps de r\u00e9ponse des pages consult\u00e9es et\/ou affich\u00e9es<\/li>\r\n<li aria-level=\"1\">Li\u00e9es aux risques piratage de donn\u00e9es<\/li>\r\n<li aria-level=\"1\">Li\u00e9es aux risques de contamination par d\u2019\u00e9ventuels virus circulant<\/li>\r\n<\/ul>\r\n<p><b>Article 9 : EVOLUTION DES CONDITIONS GENERALES D\u2019UTILISATION<\/b><\/p>\r\n<p>Les C.G.U. applicables sont celles en vigueur \u00e0 la date de l\u2019utilisation de l\u2019application par l\u2019utilisateur.<\/p>\r\n<p>L\u2019entreprise Apo Tech Care se r\u00e9serve le droit de modifier, \u00e0 tout moment, tout ou partie, des dispositions des C.G.U. sans pr\u00e9avis ni information pr\u00e9alable des utilisateurs afin de les adapter aux \u00e9volutions des services, aux \u00e9volutions techniques, l\u00e9gales ou jurisprudentielles ou lors de la mise en place de nouvelles prestations.<\/p>\r\n<p>Les modifications \u00e9ventuellement apport\u00e9es par l\u2019entreprise Apo Tech Care aux C.G.U. seront port\u00e9es \u00e0 la connaissance des utilisateurs par leur simple mise en ligne. Elles sont r\u00e9put\u00e9es accept\u00e9es sans r\u00e9serve par tout utilisateur qui acc\u00e8de \u00e0 l\u2019application post\u00e9rieurement \u00e0 ladite mise en ligne.<\/p>\r\n<p>L\u2019entreprise Apo Tech Care invite donc tout utilisateur \u00e0 consulter r\u00e9guli\u00e8rement les C.G.U.<\/p>\r\n<p><b>Article 10 : CONTACT<\/b><\/p>\r\n<p>Entreprise Apo Tech Care\u00a0<\/p>\r\n<p>28 boulevard du Colombier,<\/p>\r\n<p>35000 Rennes<\/p>\r\n<p>Email: contact@apotechcare.com<\/p>\r\n<p>Responsable de la publication : C\u00e9line F\u00e9ron \u2013 celine@apotechcare.com<\/p>\r\n<p><b>Article 11 : LOI APPLICABLE<\/b><\/p>\r\n<p>Les pr\u00e9sentes C.G.U. sont soumises \u00e0 la loi fran\u00e7aise. Il en est ainsi pour les r\u00e8gles de fond et les r\u00e8gles de forme et ce, nonobstant les lieux d\u2019ex\u00e9cution des obligations substantielles ou accessoires.<\/p>\r\n<p>Tout litige ou contestation relatif \u00e0 l\u2019ex\u00e9cution ou \u00e0 l\u2019interpr\u00e9tation du pr\u00e9sent r\u00e8glement qui n\u2019aura pu \u00eatre r\u00e9gl\u00e9 \u00e0 l\u2019amiable entre les parties sera soumis aux tribunaux comp\u00e9tents du ressort du tribunal de commerce de Paris.<\/p>\r\n<p>Fait \u00e0 Paris, le 30 Novembre 2020.<\/p>","protected":false},"excerpt":{"rendered":"<p>Conditions g\u00e9n\u00e9rales d&#8217;utilisation Les pr\u00e9sentes Conditions G\u00e9n\u00e9rales d\u2019Utilisation (C.G.U.) ont pour objet de pr\u00e9senter les r\u00e8gles d\u2019utilisation de l\u2019application mobile \u00ab Apo Migraine\u00bb, et des  [&#8230;]<\/p>\n","protected":false},"author":1,"featured_media":0,"parent":0,"menu_order":0,"comment_status":"closed","ping_status":"open","template":"","meta":{"footnotes":""},"class_list":["post-2331","page","type-page","status-publish","hentry"],"_links":{"self":[{"href":"https:\/\/www.apotechcare.com\/fr\/wp-json\/wp\/v2\/pages\/2331","targetHints":{"allow":["GET"]}}],"collection":[{"href":"https:\/\/www.apotechcare.com\/fr\/wp-json\/wp\/v2\/pages"}],"about":[{"href":"https:\/\/www.apotechcare.com\/fr\/wp-json\/wp\/v2\/types\/page"}],"author":[{"embeddable":true,"href":"https:\/\/www.apotechcare.com\/fr\/wp-json\/wp\/v2\/users\/1"}],"replies":[{"embeddable":true,"href":"https:\/\/www.apotechcare.com\/fr\/wp-json\/wp\/v2\/comments?post=2331"}],"version-history":[{"count":4,"href":"https:\/\/www.apotechcare.com\/fr\/wp-json\/wp\/v2\/pages\/2331\/revisions"}],"predecessor-version":[{"id":2613,"href":"https:\/\/www.apotechcare.com\/fr\/wp-json\/wp\/v2\/pages\/2331\/revisions\/2613"}],"wp:attachment":[{"href":"https:\/\/www.apotechcare.com\/fr\/wp-json\/wp\/v2\/media?parent=2331"}],"curies":[{"name":"wp","href":"https:\/\/api.w.org\/{rel}","templated":true}]}}